{"id":6878,"date":"2022-04-12T22:22:28","date_gmt":"2022-04-12T20:22:28","guid":{"rendered":"https:\/\/www.sanatoriumklima.cz\/web\/?page_id=6878"},"modified":"2026-01-14T12:59:14","modified_gmt":"2026-01-14T11:59:14","slug":"relaxacni-tyden","status":"publish","type":"page","link":"https:\/\/www.sanatoriumklima.cz\/web\/relaxacni-tyden\/","title":{"rendered":"Relaxa\u010dn\u00ed t\u00fdden"},"content":{"rendered":"","protected":false},"excerpt":{"rendered":"","protected":false},"author":1,"featured_media":0,"parent":0,"menu_order":0,"comment_status":"closed","ping_status":"closed","template":"","meta":{"_monsterinsights_skip_tracking":false,"_monsterinsights_sitenote_active":false,"_monsterinsights_sitenote_note":"","_monsterinsights_sitenote_category":0,"footnotes":""},"class_list":["post-6878","page","type-page","status-publish","hentry"],"_links":{"self":[{"href":"https:\/\/www.sanatoriumklima.cz\/web\/wp-json\/wp\/v2\/pages\/6878","targetHints":{"allow":["GET"]}}],"collection":[{"href":"https:\/\/www.sanatoriumklima.cz\/web\/wp-json\/wp\/v2\/pages"}],"about":[{"href":"https:\/\/www.sanatoriumklima.cz\/web\/wp-json\/wp\/v2\/types\/page"}],"author":[{"embeddable":true,"href":"https:\/\/www.sanatoriumklima.cz\/web\/wp-json\/wp\/v2\/users\/1"}],"replies":[{"embeddable":true,"href":"https:\/\/www.sanatoriumklima.cz\/web\/wp-json\/wp\/v2\/comments?post=6878"}],"version-history":[{"count":10,"href":"https:\/\/www.sanatoriumklima.cz\/web\/wp-json\/wp\/v2\/pages\/6878\/revisions"}],"predecessor-version":[{"id":8308,"href":"https:\/\/www.sanatoriumklima.cz\/web\/wp-json\/wp\/v2\/pages\/6878\/revisions\/8308"}],"wp:attachment":[{"href":"https:\/\/www.sanatoriumklima.cz\/web\/wp-json\/wp\/v2\/media?parent=6878"}],"curies":[{"name":"wp","href":"https:\/\/api.w.org\/{rel}","templated":true}]}}