{"id":6025,"date":"2022-02-03T22:53:59","date_gmt":"2022-02-03T21:53:59","guid":{"rendered":"https:\/\/www.sanatoriumklima.cz\/web\/?page_id=6025"},"modified":"2022-03-01T15:38:57","modified_gmt":"2022-03-01T14:38:57","slug":"ubytovani","status":"publish","type":"page","link":"https:\/\/www.sanatoriumklima.cz\/web\/ubytovani\/","title":{"rendered":"O n\u00e1s: Ubytov\u00e1n\u00ed"},"content":{"rendered":"","protected":false},"excerpt":{"rendered":"","protected":false},"author":1,"featured_media":0,"parent":0,"menu_order":0,"comment_status":"closed","ping_status":"closed","template":"","meta":{"_monsterinsights_skip_tracking":false,"_monsterinsights_sitenote_active":false,"_monsterinsights_sitenote_note":"","_monsterinsights_sitenote_category":0,"footnotes":""},"class_list":["post-6025","page","type-page","status-publish","hentry"],"_links":{"self":[{"href":"https:\/\/www.sanatoriumklima.cz\/web\/wp-json\/wp\/v2\/pages\/6025","targetHints":{"allow":["GET"]}}],"collection":[{"href":"https:\/\/www.sanatoriumklima.cz\/web\/wp-json\/wp\/v2\/pages"}],"about":[{"href":"https:\/\/www.sanatoriumklima.cz\/web\/wp-json\/wp\/v2\/types\/page"}],"author":[{"embeddable":true,"href":"https:\/\/www.sanatoriumklima.cz\/web\/wp-json\/wp\/v2\/users\/1"}],"replies":[{"embeddable":true,"href":"https:\/\/www.sanatoriumklima.cz\/web\/wp-json\/wp\/v2\/comments?post=6025"}],"version-history":[{"count":10,"href":"https:\/\/www.sanatoriumklima.cz\/web\/wp-json\/wp\/v2\/pages\/6025\/revisions"}],"predecessor-version":[{"id":6210,"href":"https:\/\/www.sanatoriumklima.cz\/web\/wp-json\/wp\/v2\/pages\/6025\/revisions\/6210"}],"wp:attachment":[{"href":"https:\/\/www.sanatoriumklima.cz\/web\/wp-json\/wp\/v2\/media?parent=6025"}],"curies":[{"name":"wp","href":"https:\/\/api.w.org\/{rel}","templated":true}]}}