{"id":5358,"date":"2021-12-28T23:21:03","date_gmt":"2021-12-28T22:21:03","guid":{"rendered":"https:\/\/www.sanatoriumklima.cz\/web\/?page_id=5358"},"modified":"2026-02-08T22:21:19","modified_gmt":"2026-02-08T21:21:19","slug":"komplexni-lecba","status":"publish","type":"page","link":"https:\/\/www.sanatoriumklima.cz\/web\/komplexni-lecba\/","title":{"rendered":"L\u00e9\u010debn\u00fd pobyt: Komplexn\u00ed l\u00e9\u010dba"},"content":{"rendered":"\t\t<div data-elementor-type=\"wp-page\" data-elementor-id=\"5358\" class=\"elementor elementor-5358\" data-elementor-post-type=\"page\">\n\t\t\t\t\t\t<section class=\"elementor-section elementor-top-section elementor-element elementor-element-5e547af elementor-section-boxed elementor-section-height-default elementor-section-height-default elementor-invisible\" data-id=\"5e547af\" data-element_type=\"section\" data-settings=\"{&quot;animation&quot;:&quot;fadeInUp&quot;}\">\n\t\t\t\t\t\t<div class=\"elementor-container elementor-column-gap-default\">\n\t\t\t\t\t<div class=\"elementor-column elementor-col-100 elementor-top-column elementor-element elementor-element-47258a2\" data-id=\"47258a2\" data-element_type=\"column\">\n\t\t\t<div class=\"elementor-widget-wrap elementor-element-populated\">\n\t\t\t\t\t\t<div class=\"elementor-element elementor-element-b7f8255 elementor-widget elementor-widget-text-editor\" data-id=\"b7f8255\" data-element_type=\"widget\" data-widget_type=\"text-editor.default\">\n\t\t\t\t<div class=\"elementor-widget-container\">\n\t\t\t\t\t\t\t<h4 style=\"text-align: center;\"><strong><span style=\"color: #003519;\">Cen\u00edk pobytu KOMPLEXN\u00cd\u00a0<\/span><\/strong><strong><span style=\"color: #003519;\">L\u00c9\u010cBA<\/span><\/strong><\/h4>\t\t\t\t\t\t<\/div>\n\t\t\t\t<\/div>\n\t\t\t\t\t<\/div>\n\t\t<\/div>\n\t\t\t\t\t<\/div>\n\t\t<\/section>\n\t\t\t\t<section class=\"elementor-section elementor-top-section elementor-element elementor-element-1e749e6 animated-slow elementor-section-stretched elementor-section-boxed elementor-section-height-default elementor-section-height-default elementor-invisible\" data-id=\"1e749e6\" data-element_type=\"section\" data-settings=\"{&quot;animation&quot;:&quot;fadeIn&quot;,&quot;stretch_section&quot;:&quot;section-stretched&quot;}\">\n\t\t\t\t\t\t<div class=\"elementor-container elementor-column-gap-default\">\n\t\t\t\t\t<div class=\"elementor-column elementor-col-100 elementor-top-column elementor-element elementor-element-a6ffea5\" data-id=\"a6ffea5\" data-element_type=\"column\">\n\t\t\t<div class=\"elementor-widget-wrap elementor-element-populated\">\n\t\t\t\t\t\t<div class=\"elementor-element elementor-element-fa935a8 animated-fast elementor-tabs-view-horizontal elementor-invisible elementor-widget elementor-widget-tabs\" data-id=\"fa935a8\" data-element_type=\"widget\" data-settings=\"{&quot;_animation&quot;:&quot;fadeIn&quot;}\" data-widget_type=\"tabs.default\">\n\t\t\t\t<div class=\"elementor-widget-container\">\n\t\t\t\t\t<div class=\"elementor-tabs\">\n\t\t\t<div class=\"elementor-tabs-wrapper\" role=\"tablist\" >\n\t\t\t\t\t\t\t\t\t<div id=\"elementor-tab-title-2621\" class=\"elementor-tab-title elementor-tab-desktop-title\" aria-selected=\"true\" data-tab=\"1\" role=\"tab\" tabindex=\"0\" aria-controls=\"elementor-tab-content-2621\" aria-expanded=\"false\">Rok 2026 - 2027<\/div>\n\t\t\t\t\t\t\t<\/div>\n\t\t\t<div class=\"elementor-tabs-content-wrapper\" role=\"tablist\" aria-orientation=\"vertical\">\n\t\t\t\t\t\t\t\t\t<div class=\"elementor-tab-title elementor-tab-mobile-title\" aria-selected=\"true\" data-tab=\"1\" role=\"tab\" tabindex=\"0\" aria-controls=\"elementor-tab-content-2621\" aria-expanded=\"false\">Rok 2026 - 2027<\/div>\n\t\t\t\t\t<div id=\"elementor-tab-content-2621\" class=\"elementor-tab-content elementor-clearfix\" data-tab=\"1\" role=\"tabpanel\" aria-labelledby=\"elementor-tab-title-2621\" tabindex=\"0\" hidden=\"false\"><table id=\"KL1wk_plus\" class=\"cenikplus\">\n<thead>\n<tr>\n<td><\/td>\n<td><b>1 t\u00fdden<\/b><\/td>\n<td><b>2 t\u00fddny<\/b><\/td>\n<td><b>3 t\u00fddny<br><\/b><b><\/b><span style=\"color: #993300;\"><em>(sleva 2500 K\u010d)<\/em><\/span><\/td>\n<\/tr>\n<tr>\n<th class=\"nadpis\" colspan=\"5\"><strong><span style=\"color: #ffffff;\">Dvoul\u016f\u017ekov\u00fd pokoj kat. I<\/span><\/strong><\/th>\n<\/tr>\n<\/thead>\n<tfoot>\n<tr>\n<td colspan=\"5\"><span style=\"color: #bea78b;\"><strong>Ceny v K\u010d za osobu.<\/strong><\/span><\/td>\n<\/tr>\n<\/tfoot>\n<tbody>\n<tr>\n<td><span style=\"color: #993300;\"><strong>Cenov\u00fd tip<\/strong><\/span><br><span style=\"color: #993300;\"><strong>25. 1. \u2013 1. 3. 2026<\/strong><\/span><\/td>\n<td>16.800,-<\/td>\n<td>33.600,-<\/td>\n<td><span style=\"color: #993300;\">47.900,-<\/span><\/td>\n<\/tr>\n<tr class=\"radek\">\n<td><span style=\"color: #333333;\"><strong>Vedlej\u0161\u00ed sez\u00f3na<\/strong><\/span><br><span style=\"color: #333333;\"><strong>1. 3. \u2013 12. 4. 2026<\/strong><\/span><br><span style=\"color: #333333;\"><strong>18. 10. \u2013 20. 12. 2026<\/strong><\/span><\/td>\n<td>19.425,-<\/td>\n<td>38.850,-<\/td>\n<td><span style=\"color: #993300;\">55.775,-<\/span><\/td>\n<\/tr>\n<tr>\n<td><span style=\"color: #333333;\"><strong>Hlavn\u00ed sez\u00f3na<\/strong><\/span><br><span style=\"color: #333333;\"><strong style=\"font-family: inherit; font-size: inherit;\">12. 4. \u2013 18. 10. 2026<\/strong><\/span><\/td>\n<td>21.525,-<\/td>\n<td>43.050,-<\/td>\n<td><span style=\"color: #993300;\">62.075,-<\/span><\/td>\n<\/tr>\n<tr>\n<th class=\"nadpis\" colspan=\"5\"><strong><span style=\"color: rgb(255, 255, 255);\">Dvoul\u016f\u017ekov\u00fd pokoj kat. I<\/span><\/strong><\/th>\n<\/tr>\n<tr>\n<td><span style=\"color: #993300;\"><strong>Cenov\u00fd tip<\/strong><\/span><br><span style=\"color: #993300;\"><strong>17. 1. \u2013 28. 2. 2027<\/strong><\/span><\/td>\n<td>17.675,-<\/td>\n<td>35.350,-<\/td>\n<td><span style=\"color: #993300;\">50.525,-<\/span><\/td>\n<\/tr>\n<tr class=\"radek\">\n<td><span style=\"color: #333333;\"><strong>Vedlej\u0161\u00ed sez\u00f3na<\/strong><\/span><br><span style=\"color: #333333;\"><strong>28. 2. \u2013 11. 4. 2027<\/strong><\/span><br><span style=\"color: #333333;\"><strong>17. 10. \u2013 19. 12. 2027<\/strong><\/span><\/td>\n<td>20.300,-<\/td>\n<td>40.600,-<\/td>\n<td><span style=\"color: #993300;\">58.400,-<\/span><\/td>\n<\/tr>\n<tr>\n<td><span style=\"color: #333333;\"><strong>Hlavn\u00ed sez\u00f3na<\/strong><\/span><br><span style=\"color: #333333;\"><strong style=\"font-family: inherit; font-size: inherit;\">11. 4. \u2013 17. 10. 2027<\/strong><\/span><\/td>\n<td>22.400,-<\/td>\n<td>44.800,-<\/td>\n<td><span style=\"color: #993300;\">64.700,-<\/span><\/td>\n<\/tr>\n<tr>\n<th class=\"nadpis\" colspan=\"5\"><span style=\"color: #ffffff;\"><strong>P\u0159\u00edplatky za pokoje<\/strong><\/span><\/th>\n<\/tr>\n<tr>\n<td><span style=\"color: #333333;\"><strong>1\/1 jednol\u016f\u017ekov\u00fd<\/strong><\/span><\/td>\n<td colspan=\"3\">+ 525,- \/ t\u00fdden<\/td>\n<\/tr>\n<tr>\n<td><span style=\"color: #333333;\"><strong>1\/2 dvoul\u016f\u017ekov\u00fd Studio<\/strong><\/span><\/td>\n<td colspan=\"3\">+ 1.050,- \/ t\u00fdden<\/td>\n<\/tr>\n<tr>\n<td><span style=\"color: #333333;\"><strong>1\/2 dvoul\u016f\u017ekov\u00fd Studio LUX<\/strong><\/span><\/td>\n<td colspan=\"3\">+ 1.750,- \/ t\u00fdden<\/td>\n<\/tr>\n<tr>\n<td><span style=\"color: #333333;\"><strong>1\/2 apartm\u00e1<\/strong><\/span><\/td>\n<td colspan=\"3\">+ 2.450,- \/ t\u00fdden<\/td>\n<\/tr>\n<tr>\n<td><span style=\"color: #333333;\"><strong>1\/2 apartm\u00e1 LUX<\/strong><\/span><\/td>\n<td colspan=\"3\">+ 4.725,- \/ t\u00fdden<\/td>\n<\/tr>\n<tr>\n<td><span style=\"color: #333333;\"><strong>1\/2 apartm\u00e1 132<br><\/strong><em>(vedlej\u0161\u00ed budova)<\/em><\/span><\/td>\n<td colspan=\"3\">+ 0,- \/ t\u00fdden<\/td>\n<\/tr>\n<tr>\n<td><span style=\"color: #333333;\"><strong>1\/2 apartm\u00e1 131<br><\/strong><em>(vedlej\u0161\u00ed budova)<\/em><\/span><\/td>\n<td colspan=\"3\">+ 1.750,- \/ t\u00fdden<\/td>\n<\/tr>\n<\/tbody>\n<\/table><br><\/div>\n\t\t\t\t\t\t\t<\/div>\n\t\t<\/div>\n\t\t\t\t<\/div>\n\t\t\t\t<\/div>\n\t\t\t\t\t<\/div>\n\t\t<\/div>\n\t\t\t\t\t<\/div>\n\t\t<\/section>\n\t\t\t\t<section class=\"elementor-section elementor-top-section elementor-element elementor-element-d7244d3 elementor-section-boxed elementor-section-height-default elementor-section-height-default elementor-invisible\" data-id=\"d7244d3\" data-element_type=\"section\" data-settings=\"{&quot;animation&quot;:&quot;fadeIn&quot;}\">\n\t\t\t\t\t\t<div class=\"elementor-container elementor-column-gap-default\">\n\t\t\t\t\t<div class=\"elementor-column elementor-col-100 elementor-top-column elementor-element elementor-element-e68e779\" data-id=\"e68e779\" data-element_type=\"column\">\n\t\t\t<div class=\"elementor-widget-wrap elementor-element-populated\">\n\t\t\t\t\t\t<div class=\"elementor-element elementor-element-527c42c elementor-widget-divider--view-line_icon elementor-view-default elementor-widget-divider--element-align-center elementor-widget elementor-widget-divider\" data-id=\"527c42c\" data-element_type=\"widget\" data-widget_type=\"divider.default\">\n\t\t\t\t<div class=\"elementor-widget-container\">\n\t\t\t\t\t<div class=\"elementor-divider\">\n\t\t\t<span class=\"elementor-divider-separator\">\n\t\t\t\t\t\t\t<div class=\"elementor-icon elementor-divider__element\">\n\t\t\t\t\t<i aria-hidden=\"true\" class=\"fas fa-star\"><\/i><\/div>\n\t\t\t\t\t\t<\/span>\n\t\t<\/div>\n\t\t\t\t<\/div>\n\t\t\t\t<\/div>\n\t\t\t\t\t<\/div>\n\t\t<\/div>\n\t\t\t\t\t<\/div>\n\t\t<\/section>\n\t\t\t\t<\/div>\n\t\t","protected":false},"excerpt":{"rendered":"<p>Cen\u00edk pobytu KOMPLEXN\u00cd\u00a0L\u00c9\u010cBA Rok 2026 &#8211; 2027 Rok 2026 &#8211; 2027 1 t\u00fdden 2 t\u00fddny 3 t\u00fddny(sleva 2500 K\u010d) Dvoul\u016f\u017ekov\u00fd pokoj kat. I Ceny v K\u010d za osobu. Cenov\u00fd tip25. 1. \u2013 1. 3. 2026 16.800,- 33.600,- 47.900,- Vedlej\u0161\u00ed sez\u00f3na1. 3. \u2013 12. 4. 202618. 10. \u2013 20. 12. 2026 19.425,- 38.850,- 55.775,- Hlavn\u00ed sez\u00f3na12&#8230;. <\/p>\n<div class=\"clear\"><\/div>\n<p><a href=\"https:\/\/www.sanatoriumklima.cz\/web\/komplexni-lecba\/\" class=\"excerpt-read-more\">Pokra\u010dovat ve \u010dten\u00ed<i class=\"fa fa-long-arrow-right icon-long-arrow-right\"><\/i><\/a><\/p>\n","protected":false},"author":1,"featured_media":0,"parent":0,"menu_order":0,"comment_status":"closed","ping_status":"closed","template":"","meta":{"_monsterinsights_skip_tracking":false,"_monsterinsights_sitenote_active":false,"_monsterinsights_sitenote_note":"","_monsterinsights_sitenote_category":0,"footnotes":""},"class_list":["post-5358","page","type-page","status-publish","hentry"],"_links":{"self":[{"href":"https:\/\/www.sanatoriumklima.cz\/web\/wp-json\/wp\/v2\/pages\/5358","targetHints":{"allow":["GET"]}}],"collection":[{"href":"https:\/\/www.sanatoriumklima.cz\/web\/wp-json\/wp\/v2\/pages"}],"about":[{"href":"https:\/\/www.sanatoriumklima.cz\/web\/wp-json\/wp\/v2\/types\/page"}],"author":[{"embeddable":true,"href":"https:\/\/www.sanatoriumklima.cz\/web\/wp-json\/wp\/v2\/users\/1"}],"replies":[{"embeddable":true,"href":"https:\/\/www.sanatoriumklima.cz\/web\/wp-json\/wp\/v2\/comments?post=5358"}],"version-history":[{"count":10,"href":"https:\/\/www.sanatoriumklima.cz\/web\/wp-json\/wp\/v2\/pages\/5358\/revisions"}],"predecessor-version":[{"id":8380,"href":"https:\/\/www.sanatoriumklima.cz\/web\/wp-json\/wp\/v2\/pages\/5358\/revisions\/8380"}],"wp:attachment":[{"href":"https:\/\/www.sanatoriumklima.cz\/web\/wp-json\/wp\/v2\/media?parent=5358"}],"curies":[{"name":"wp","href":"https:\/\/api.w.org\/{rel}","templated":true}]}}